{"id":230,"date":"2023-05-10T10:27:41","date_gmt":"2023-05-10T10:27:41","guid":{"rendered":"https:\/\/www.solis-porec.com\/istria-tourism-information-blog\/"},"modified":"2025-12-03T11:21:08","modified_gmt":"2025-12-03T11:21:08","slug":"blog-3","status":"publish","type":"page","link":"https:\/\/www.solis-porec.com\/de\/blog-3\/","title":{"rendered":"Istrien Tourismus Informationsblog"},"content":{"rendered":"<h1>Istrien Tourismus Informationsblog<\/h1>\n<p style=\"text-align: center;\">Spezialisiert auf <strong>Erlebnis-Unterk\u00fcnfte f\u00fcr den Urlaub auf der sch\u00f6nen Halbinsel Istrien, Kroatien<\/strong>.<br \/>Finden Sie interessante Fakten, n\u00fctzliche Tipps und Empfehlungen, um das Beste aus Ihrem Urlaub zu machen.<br \/>Entdecken Sie die besten Pl\u00e4ne in Istrien mit Solis Porec!<\/p>\n<h2>Buchen Sie Ihren Urlaub in Istrien Kroatien<\/h2>\n<p>\t\t\t\t\t<a href=\"https:\/\/www.solis-porec.com\/de\/vermietung\/ferienwohnungen-istrien-c1r283\/\"><\/p>\n<h2>Ferienwohnungen in Istrien<\/h2>\n<p>\t\t\t\t\t\tView more<br \/>\n\t\t\t\t\t\t<\/a><br \/>\n\t\t\t\t\t<a href=\"https:\/\/www.solis-porec.com\/de\/vermietung\/villen-istrien-c2r283\/\"><\/p>\n<h2>Luxus-Villen in Istrien<\/h2>\n<p>\t\t\t\t\t\tView more<br \/>\n\t\t\t\t\t\t<\/a><br \/>\n\t\t\t\t\t<a href=\"https:\/\/www.solis-porec.com\/de\/vermietung\/ferienhauser-istrien-c19r283\/\"><\/p>\n<h2>Ferienh\u00e4user in Istrien<\/h2>\n<p>\t\t\t\t\t\tView more<br \/>\n\t\t\t\t\t\t<\/a><\/p>\n","protected":false},"excerpt":{"rendered":"<p>Istrien Tourismus Informationsblog Spezialisiert auf Erlebnis-Unterk\u00fcnfte f\u00fcr den Urlaub auf der sch\u00f6nen Halbinsel Istrien, Kroatien.Finden Sie interessante Fakten, n\u00fctzliche Tipps und Empfehlungen, um das Beste aus Ihrem Urlaub zu machen.Entdecken Sie die besten Pl\u00e4ne in Istrien mit Solis Porec! Buchen Sie Ihren Urlaub in Istrien Kroatien Ferienwohnungen in Istrien View more Luxus-Villen in Istrien View [&hellip;]<\/p>\n","protected":false},"author":3,"featured_media":164,"parent":0,"menu_order":0,"comment_status":"closed","ping_status":"closed","template":"","meta":{"footnotes":""},"class_list":["post-230","page","type-page","status-publish","has-post-thumbnail","hentry"],"yoast_head":"<!-- This site is optimized with the Yoast SEO plugin v27.4 - https:\/\/yoast.com\/product\/yoast-seo-wordpress\/ -->\n<title>Istrien Tourismus Informationsblog - Solis Porec<\/title>\n<meta name=\"description\" content=\"Touristische Informationen \u00fcber Istrien, Kroatien. Die besten Pl\u00e4ne, hilfreiche Tipps und Empfehlungen f\u00fcr Ihren Urlaub in Istrien.\" \/>\n<meta name=\"robots\" content=\"index, follow, max-snippet:-1, max-image-preview:large, max-video-preview:-1\" \/>\n<link rel=\"canonical\" href=\"https:\/\/www.solis-porec.com\/de\/blog-3\/\" \/>\n<meta property=\"og:locale\" content=\"de_DE\" \/>\n<meta property=\"og:type\" content=\"article\" \/>\n<meta property=\"og:title\" content=\"Istrien Tourismus Informationsblog - Solis Porec\" \/>\n<meta property=\"og:description\" content=\"Touristische Informationen \u00fcber Istrien, Kroatien. Die besten Pl\u00e4ne, hilfreiche Tipps und Empfehlungen f\u00fcr Ihren Urlaub in Istrien.\" \/>\n<meta property=\"og:url\" content=\"https:\/\/www.solis-porec.com\/de\/blog-3\/\" \/>\n<meta property=\"og:site_name\" content=\"Istria tourism information\" \/>\n<meta property=\"article:modified_time\" content=\"2025-12-03T11:21:08+00:00\" \/>\n<meta property=\"og:image\" content=\"https:\/\/www.solis-porec.com\/wp-content\/uploads\/2023\/04\/best-plans-istria-croatia.jpg\" \/>\n\t<meta property=\"og:image:width\" content=\"2120\" \/>\n\t<meta property=\"og:image:height\" content=\"1414\" \/>\n\t<meta property=\"og:image:type\" content=\"image\/jpeg\" \/>\n<meta name=\"twitter:card\" content=\"summary_large_image\" \/>\n<meta name=\"twitter:label1\" content=\"Gesch\u00e4tzte Lesezeit\" \/>\n\t<meta name=\"twitter:data1\" content=\"7\u00a0Minuten\" \/>\n<script type=\"application\/ld+json\" class=\"yoast-schema-graph\">{\"@context\":\"https:\\\/\\\/schema.org\",\"@graph\":[{\"@type\":\"WebPage\",\"@id\":\"https:\\\/\\\/www.solis-porec.com\\\/de\\\/blog-3\\\/\",\"url\":\"https:\\\/\\\/www.solis-porec.com\\\/de\\\/blog-3\\\/\",\"name\":\"Istrien Tourismus Informationsblog - Solis Porec\",\"isPartOf\":{\"@id\":\"https:\\\/\\\/www.solis-porec.com\\\/#website\"},\"primaryImageOfPage\":{\"@id\":\"https:\\\/\\\/www.solis-porec.com\\\/de\\\/blog-3\\\/#primaryimage\"},\"image\":{\"@id\":\"https:\\\/\\\/www.solis-porec.com\\\/de\\\/blog-3\\\/#primaryimage\"},\"thumbnailUrl\":\"https:\\\/\\\/www.solis-porec.com\\\/wp-content\\\/uploads\\\/2023\\\/04\\\/best-plans-istria-croatia.jpg\",\"datePublished\":\"2023-05-10T10:27:41+00:00\",\"dateModified\":\"2025-12-03T11:21:08+00:00\",\"description\":\"Touristische Informationen \u00fcber Istrien, Kroatien. Die besten Pl\u00e4ne, hilfreiche Tipps und Empfehlungen f\u00fcr Ihren Urlaub in Istrien.\",\"breadcrumb\":{\"@id\":\"https:\\\/\\\/www.solis-porec.com\\\/de\\\/blog-3\\\/#breadcrumb\"},\"inLanguage\":\"de\",\"potentialAction\":[{\"@type\":\"ReadAction\",\"target\":[\"https:\\\/\\\/www.solis-porec.com\\\/de\\\/blog-3\\\/\"]}]},{\"@type\":\"ImageObject\",\"inLanguage\":\"de\",\"@id\":\"https:\\\/\\\/www.solis-porec.com\\\/de\\\/blog-3\\\/#primaryimage\",\"url\":\"https:\\\/\\\/www.solis-porec.com\\\/wp-content\\\/uploads\\\/2023\\\/04\\\/best-plans-istria-croatia.jpg\",\"contentUrl\":\"https:\\\/\\\/www.solis-porec.com\\\/wp-content\\\/uploads\\\/2023\\\/04\\\/best-plans-istria-croatia.jpg\",\"width\":2120,\"height\":1414,\"caption\":\"Best plans for your holidays in Istria Croatia\"},{\"@type\":\"BreadcrumbList\",\"@id\":\"https:\\\/\\\/www.solis-porec.com\\\/de\\\/blog-3\\\/#breadcrumb\",\"itemListElement\":[{\"@type\":\"ListItem\",\"position\":1,\"name\":\"Home\",\"item\":\"https:\\\/\\\/www.solis-porec.com\\\/\"},{\"@type\":\"ListItem\",\"position\":2,\"name\":\"Istrien Tourismus Informationsblog\"}]},{\"@type\":\"WebSite\",\"@id\":\"https:\\\/\\\/www.solis-porec.com\\\/#website\",\"url\":\"https:\\\/\\\/www.solis-porec.com\\\/\",\"name\":\"Istria tourism information\",\"description\":\"Solis Porec\",\"potentialAction\":[{\"@type\":\"SearchAction\",\"target\":{\"@type\":\"EntryPoint\",\"urlTemplate\":\"https:\\\/\\\/www.solis-porec.com\\\/?s={search_term_string}\"},\"query-input\":{\"@type\":\"PropertyValueSpecification\",\"valueRequired\":true,\"valueName\":\"search_term_string\"}}],\"inLanguage\":\"de\"}]}<\/script>\n<!-- \/ Yoast SEO plugin. -->","yoast_head_json":{"title":"Istrien Tourismus Informationsblog - Solis Porec","description":"Touristische Informationen \u00fcber Istrien, Kroatien. Die besten Pl\u00e4ne, hilfreiche Tipps und Empfehlungen f\u00fcr Ihren Urlaub in Istrien.","robots":{"index":"index","follow":"follow","max-snippet":"max-snippet:-1","max-image-preview":"max-image-preview:large","max-video-preview":"max-video-preview:-1"},"canonical":"https:\/\/www.solis-porec.com\/de\/blog-3\/","og_locale":"de_DE","og_type":"article","og_title":"Istrien Tourismus Informationsblog - Solis Porec","og_description":"Touristische Informationen \u00fcber Istrien, Kroatien. Die besten Pl\u00e4ne, hilfreiche Tipps und Empfehlungen f\u00fcr Ihren Urlaub in Istrien.","og_url":"https:\/\/www.solis-porec.com\/de\/blog-3\/","og_site_name":"Istria tourism information","article_modified_time":"2025-12-03T11:21:08+00:00","og_image":[{"width":2120,"height":1414,"url":"https:\/\/www.solis-porec.com\/wp-content\/uploads\/2023\/04\/best-plans-istria-croatia.jpg","type":"image\/jpeg"}],"twitter_card":"summary_large_image","twitter_misc":{"Gesch\u00e4tzte Lesezeit":"7\u00a0Minuten"},"schema":{"@context":"https:\/\/schema.org","@graph":[{"@type":"WebPage","@id":"https:\/\/www.solis-porec.com\/de\/blog-3\/","url":"https:\/\/www.solis-porec.com\/de\/blog-3\/","name":"Istrien Tourismus Informationsblog - Solis Porec","isPartOf":{"@id":"https:\/\/www.solis-porec.com\/#website"},"primaryImageOfPage":{"@id":"https:\/\/www.solis-porec.com\/de\/blog-3\/#primaryimage"},"image":{"@id":"https:\/\/www.solis-porec.com\/de\/blog-3\/#primaryimage"},"thumbnailUrl":"https:\/\/www.solis-porec.com\/wp-content\/uploads\/2023\/04\/best-plans-istria-croatia.jpg","datePublished":"2023-05-10T10:27:41+00:00","dateModified":"2025-12-03T11:21:08+00:00","description":"Touristische Informationen \u00fcber Istrien, Kroatien. Die besten Pl\u00e4ne, hilfreiche Tipps und Empfehlungen f\u00fcr Ihren Urlaub in Istrien.","breadcrumb":{"@id":"https:\/\/www.solis-porec.com\/de\/blog-3\/#breadcrumb"},"inLanguage":"de","potentialAction":[{"@type":"ReadAction","target":["https:\/\/www.solis-porec.com\/de\/blog-3\/"]}]},{"@type":"ImageObject","inLanguage":"de","@id":"https:\/\/www.solis-porec.com\/de\/blog-3\/#primaryimage","url":"https:\/\/www.solis-porec.com\/wp-content\/uploads\/2023\/04\/best-plans-istria-croatia.jpg","contentUrl":"https:\/\/www.solis-porec.com\/wp-content\/uploads\/2023\/04\/best-plans-istria-croatia.jpg","width":2120,"height":1414,"caption":"Best plans for your holidays in Istria Croatia"},{"@type":"BreadcrumbList","@id":"https:\/\/www.solis-porec.com\/de\/blog-3\/#breadcrumb","itemListElement":[{"@type":"ListItem","position":1,"name":"Home","item":"https:\/\/www.solis-porec.com\/"},{"@type":"ListItem","position":2,"name":"Istrien Tourismus Informationsblog"}]},{"@type":"WebSite","@id":"https:\/\/www.solis-porec.com\/#website","url":"https:\/\/www.solis-porec.com\/","name":"Istria tourism information","description":"Solis Porec","potentialAction":[{"@type":"SearchAction","target":{"@type":"EntryPoint","urlTemplate":"https:\/\/www.solis-porec.com\/?s={search_term_string}"},"query-input":{"@type":"PropertyValueSpecification","valueRequired":true,"valueName":"search_term_string"}}],"inLanguage":"de"}]}},"_links":{"self":[{"href":"https:\/\/www.solis-porec.com\/de\/wp-json\/wp\/v2\/pages\/230","targetHints":{"allow":["GET"]}}],"collection":[{"href":"https:\/\/www.solis-porec.com\/de\/wp-json\/wp\/v2\/pages"}],"about":[{"href":"https:\/\/www.solis-porec.com\/de\/wp-json\/wp\/v2\/types\/page"}],"author":[{"embeddable":true,"href":"https:\/\/www.solis-porec.com\/de\/wp-json\/wp\/v2\/users\/3"}],"replies":[{"embeddable":true,"href":"https:\/\/www.solis-porec.com\/de\/wp-json\/wp\/v2\/comments?post=230"}],"version-history":[{"count":15,"href":"https:\/\/www.solis-porec.com\/de\/wp-json\/wp\/v2\/pages\/230\/revisions"}],"predecessor-version":[{"id":4701,"href":"https:\/\/www.solis-porec.com\/de\/wp-json\/wp\/v2\/pages\/230\/revisions\/4701"}],"wp:featuredmedia":[{"embeddable":true,"href":"https:\/\/www.solis-porec.com\/de\/wp-json\/wp\/v2\/media\/164"}],"wp:attachment":[{"href":"https:\/\/www.solis-porec.com\/de\/wp-json\/wp\/v2\/media?parent=230"}],"curies":[{"name":"wp","href":"https:\/\/api.w.org\/{rel}","templated":true}]}}