{"id":5210,"date":"2026-02-12T10:19:02","date_gmt":"2026-02-12T10:19:02","guid":{"rendered":"https:\/\/www.solis-porec.com\/cookie-richtlinien\/"},"modified":"2026-02-12T10:19:02","modified_gmt":"2026-02-12T10:19:02","slug":"cookie-richtlinien","status":"publish","type":"page","link":"https:\/\/www.solis-porec.com\/de\/cookie-richtlinien\/","title":{"rendered":"Cookie-Richtlinien"},"content":{"rendered":"<div id=\"politicas-contenido\"><div class=\"box\"><div id=\"contentPoliticaCookies\">\r\n<p>Datenschutzerkl\u00e4rung von www.solis-porec.com<br \/>Willkommen zur Datenschutzerkl\u00e4rung von www.solis-porec.com. Diese Erkl\u00e4rung erl\u00e4utert, welche Daten wir erheben, warum wir sie erheben und welche Rechte Sie diesbez\u00fcglich haben.<\/p>\r\n<p>Letzte Aktualisierung: 2. Dezember 2025<\/p>\r\n<p>Inhaber und Verantwortlicher f\u00fcr die Datenverarbeitung: Solis Porec d.o.o.<br \/>Cerova 6, Kukci<br \/>52446 Nova Vas, Kroatien<br \/>E-Mail-Adresse des Inhabers: info@solis-porec.com<\/p>\r\n<p>Art der erhobenen Daten: Der Inhaber stellt keine Liste der erhobenen personenbezogenen Daten bereit.<\/p>\r\n<p>Detaillierte Informationen zu den einzelnen Arten der erhobenen personenbezogenen Daten finden Sie in den entsprechenden Abschnitten dieser Datenschutzerkl\u00e4rung oder in den Hinweistexten, die vor der Datenerhebung angezeigt werden. Personenbezogene Daten k\u00f6nnen vom Nutzer freiwillig angegeben oder, im Falle von Nutzungsdaten, automatisch bei der Nutzung dieser Anwendung erhoben werden. Sofern nicht anders angegeben, sind alle von dieser Anwendung angeforderten Daten obligatorisch. Werden diese Daten nicht bereitgestellt, kann diese Anwendung ihre Dienste m\u00f6glicherweise nicht erbringen. Sofern diese Anwendung ausdr\u00fccklich angibt, dass bestimmte Daten nicht obligatorisch sind, steht es den Nutzern frei, diese Daten nicht anzugeben, ohne dass dies Auswirkungen auf die Verf\u00fcgbarkeit oder Funktionsweise des Dienstes hat.<br \/>Nutzer, die sich nicht sicher sind, welche personenbezogenen Daten obligatorisch sind, k\u00f6nnen sich gerne an den Inhaber wenden.<br \/>Die Verwendung von Cookies oder anderen Tracking-Tools durch diese Anwendung oder durch die Inhaber von Drittanbieterdiensten, die von dieser Anwendung genutzt werden, dient der Bereitstellung des vom Nutzer angeforderten Dienstes sowie allen weiteren in diesem Dokument und in der Cookie-Richtlinie beschriebenen Zwecken.<\/p>\r\n<p>Nutzer sind f\u00fcr alle personenbezogenen Daten Dritter verantwortlich, die sie \u00fcber diese Anwendung erhalten, ver\u00f6ffentlichen oder weitergeben.<\/p>\r\n<p>Art und Ort der Datenverarbeitung<br \/>Verarbeitungsmethoden<br \/>Der Inhaber trifft geeignete Sicherheitsma\u00dfnahmen, um unbefugten Zugriff, Offenlegung, \u00c4nderung oder unbefugte Zerst\u00f6rung der Daten zu verhindern.<br \/>Die Datenverarbeitung erfolgt mithilfe von Computern und\/oder IT-gest\u00fctzten Tools gem\u00e4\u00df den organisatorischen Verfahren und Methoden, die in engem Zusammenhang mit den angegebenen Zwecken stehen. Zus\u00e4tzlich zum Inhaber k\u00f6nnen die Daten in bestimmten F\u00e4llen bestimmten Verantwortlichen zug\u00e4nglich sein, die mit dem Betrieb dieser Anwendung befasst sind (Verwaltung, Vertrieb, Marketing, Rechtsabteilung, Systemadministration) oder externen Parteien (wie z. B. externen technischen Dienstleistern, Postdienstleistern, Hosting-Anbietern, IT-Unternehmen, Kommunikationsagenturen), die gegebenenfalls vom Inhaber als Auftragsverarbeiter benannt werden. Die aktualisierte Liste dieser Parteien kann jederzeit beim Inhaber angefordert werden.<\/p>\r\n<p>Ort der Datenverarbeitung<br \/>Die Daten werden in den Gesch\u00e4ftsr\u00e4umen des Inhabers und an allen anderen Orten verarbeitet, an denen sich die an der Verarbeitung beteiligten Parteien befinden.<\/p>\r\n<p>Abh\u00e4ngig vom Standort des Nutzers kann die Daten\u00fcbermittlung die \u00dcbertragung der Daten des Nutzers in ein anderes Land als sein Heimatland beinhalten. Weitere Informationen zum Ort der Verarbeitung solcher \u00fcbertragener Daten finden Nutzer im Abschnitt \u201eDetails zur Verarbeitung personenbezogener Daten\u201c.<\/p>\r\n<p>Speicherdauer<br \/>Personenbezogene Daten werden so lange verarbeitet und gespeichert, wie es f\u00fcr den Zweck, f\u00fcr den sie erhoben wurden, erforderlich ist.<\/p>\r\n<p>Cookie-Richtlinie<br \/>Diese Anwendung verwendet Tracking-Technologien. Weitere Informationen finden Nutzer in der Cookie-Richtlinie.<\/p>\r\n<p>Weitere Informationen f\u00fcr Nutzer in der Europ\u00e4ischen Union<br \/>Rechtsgrundlage der Verarbeitung<br \/>Der Verantwortliche verarbeitet personenbezogene Daten von Nutzern, wenn einer der folgenden Punkte zutrifft:<\/p>\r\n<p>Nutzer haben ihre Einwilligung f\u00fcr einen oder mehrere bestimmte Zwecke erteilt.<br \/>Die Bereitstellung der Daten ist f\u00fcr die Erf\u00fcllung eines Vertrags mit dem Nutzer und\/oder f\u00fcr vorvertragliche Ma\u00dfnahmen erforderlich.<br \/>Die Verarbeitung ist zur Erf\u00fcllung einer rechtlichen Verpflichtung erforderlich, der der Verantwortliche unterliegt.<br \/>Die Verarbeitung erfolgt im \u00f6ffentlichen Interesse oder in Aus\u00fcbung \u00f6ffentlicher Gewalt, die dem Verantwortlichen \u00fcbertragen wurde.<br \/>Die Verarbeitung ist zur Wahrung der berechtigten Interessen des Verantwortlichen oder eines Dritten erforderlich.<br \/>Der Verantwortliche hilft Ihnen gerne, die konkrete Rechtsgrundlage f\u00fcr die Verarbeitung zu kl\u00e4ren, insbesondere ob die Bereitstellung personenbezogener Daten gesetzlich oder vertraglich vorgeschrieben oder f\u00fcr den Abschluss eines Vertrags erforderlich ist.<\/p>\r\n<p>Weitere Informationen zur Speicherdauer<br \/>Personenbezogene Daten werden so lange verarbeitet und gespeichert, wie es f\u00fcr den Zweck ihrer Erhebung erforderlich ist.<\/p>\r\n<p>Daher gilt:<\/p>\r\n<p>Personenbezogene Daten, die im Zusammenhang mit der Erf\u00fcllung eines Vertrags zwischen dem Verantwortlichen und dem Nutzer erhoben werden, werden bis zur vollst\u00e4ndigen Erf\u00fcllung dieses Vertrags gespeichert.<br \/>Personenbezogene Daten, die zur Wahrung der berechtigten Interessen des Verantwortlichen erhoben werden, werden so lange gespeichert, wie dies zur Erf\u00fcllung dieser Zwecke erforderlich ist. Nutzer k\u00f6nnen spezifische Informationen zu den berechtigten Interessen des Verantwortlichen in den entsprechenden Abschnitten dieses Dokuments oder durch Kontaktaufnahme mit dem Verantwortlichen erhalten.<\/p>\r\n<p>Der Verantwortliche kann personenbezogene Daten l\u00e4nger speichern, wenn der Nutzer in diese Verarbeitung eingewilligt hat, solange diese Einwilligung nicht widerrufen wird.<\/p><\/div><\/div><\/div>\n","protected":false},"excerpt":{"rendered":"","protected":false},"author":3,"featured_media":0,"parent":0,"menu_order":0,"comment_status":"closed","ping_status":"closed","template":"","meta":{"footnotes":""},"class_list":["post-5210","page","type-page","status-publish","hentry"],"yoast_head":"<!-- This site is optimized with the Yoast SEO plugin v27.4 - https:\/\/yoast.com\/product\/yoast-seo-wordpress\/ -->\n<title>Cookie-Richtlinien - Istria tourism information<\/title>\n<meta name=\"robots\" content=\"noindex, nofollow\" \/>\n<meta property=\"og:locale\" content=\"de_DE\" \/>\n<meta property=\"og:type\" content=\"article\" \/>\n<meta property=\"og:title\" content=\"Cookie-Richtlinien - Istria tourism information\" \/>\n<meta property=\"og:url\" content=\"https:\/\/www.solis-porec.com\/de\/cookie-richtlinien\/\" \/>\n<meta property=\"og:site_name\" content=\"Istria tourism information\" \/>\n<meta name=\"twitter:card\" content=\"summary_large_image\" \/>\n<script type=\"application\/ld+json\" class=\"yoast-schema-graph\">{\"@context\":\"https:\\\/\\\/schema.org\",\"@graph\":[{\"@type\":\"WebPage\",\"@id\":\"https:\\\/\\\/www.solis-porec.com\\\/de\\\/cookie-richtlinien\\\/\",\"url\":\"https:\\\/\\\/www.solis-porec.com\\\/de\\\/cookie-richtlinien\\\/\",\"name\":\"Cookie-Richtlinien - Istria tourism information\",\"isPartOf\":{\"@id\":\"https:\\\/\\\/www.solis-porec.com\\\/#website\"},\"datePublished\":\"2026-02-12T10:19:02+00:00\",\"breadcrumb\":{\"@id\":\"https:\\\/\\\/www.solis-porec.com\\\/de\\\/cookie-richtlinien\\\/#breadcrumb\"},\"inLanguage\":\"de\",\"potentialAction\":[{\"@type\":\"ReadAction\",\"target\":[\"https:\\\/\\\/www.solis-porec.com\\\/de\\\/cookie-richtlinien\\\/\"]}]},{\"@type\":\"BreadcrumbList\",\"@id\":\"https:\\\/\\\/www.solis-porec.com\\\/de\\\/cookie-richtlinien\\\/#breadcrumb\",\"itemListElement\":[{\"@type\":\"ListItem\",\"position\":1,\"name\":\"Home\",\"item\":\"https:\\\/\\\/www.solis-porec.com\\\/\"},{\"@type\":\"ListItem\",\"position\":2,\"name\":\"Cookie-Richtlinien\"}]},{\"@type\":\"WebSite\",\"@id\":\"https:\\\/\\\/www.solis-porec.com\\\/#website\",\"url\":\"https:\\\/\\\/www.solis-porec.com\\\/\",\"name\":\"Istria tourism information\",\"description\":\"Solis Porec\",\"potentialAction\":[{\"@type\":\"SearchAction\",\"target\":{\"@type\":\"EntryPoint\",\"urlTemplate\":\"https:\\\/\\\/www.solis-porec.com\\\/?s={search_term_string}\"},\"query-input\":{\"@type\":\"PropertyValueSpecification\",\"valueRequired\":true,\"valueName\":\"search_term_string\"}}],\"inLanguage\":\"de\"}]}<\/script>\n<!-- \/ Yoast SEO plugin. -->","yoast_head_json":{"title":"Cookie-Richtlinien - Istria tourism information","robots":{"index":"noindex","follow":"nofollow"},"og_locale":"de_DE","og_type":"article","og_title":"Cookie-Richtlinien - Istria tourism information","og_url":"https:\/\/www.solis-porec.com\/de\/cookie-richtlinien\/","og_site_name":"Istria tourism information","twitter_card":"summary_large_image","schema":{"@context":"https:\/\/schema.org","@graph":[{"@type":"WebPage","@id":"https:\/\/www.solis-porec.com\/de\/cookie-richtlinien\/","url":"https:\/\/www.solis-porec.com\/de\/cookie-richtlinien\/","name":"Cookie-Richtlinien - Istria tourism information","isPartOf":{"@id":"https:\/\/www.solis-porec.com\/#website"},"datePublished":"2026-02-12T10:19:02+00:00","breadcrumb":{"@id":"https:\/\/www.solis-porec.com\/de\/cookie-richtlinien\/#breadcrumb"},"inLanguage":"de","potentialAction":[{"@type":"ReadAction","target":["https:\/\/www.solis-porec.com\/de\/cookie-richtlinien\/"]}]},{"@type":"BreadcrumbList","@id":"https:\/\/www.solis-porec.com\/de\/cookie-richtlinien\/#breadcrumb","itemListElement":[{"@type":"ListItem","position":1,"name":"Home","item":"https:\/\/www.solis-porec.com\/"},{"@type":"ListItem","position":2,"name":"Cookie-Richtlinien"}]},{"@type":"WebSite","@id":"https:\/\/www.solis-porec.com\/#website","url":"https:\/\/www.solis-porec.com\/","name":"Istria tourism information","description":"Solis Porec","potentialAction":[{"@type":"SearchAction","target":{"@type":"EntryPoint","urlTemplate":"https:\/\/www.solis-porec.com\/?s={search_term_string}"},"query-input":{"@type":"PropertyValueSpecification","valueRequired":true,"valueName":"search_term_string"}}],"inLanguage":"de"}]}},"_links":{"self":[{"href":"https:\/\/www.solis-porec.com\/de\/wp-json\/wp\/v2\/pages\/5210","targetHints":{"allow":["GET"]}}],"collection":[{"href":"https:\/\/www.solis-porec.com\/de\/wp-json\/wp\/v2\/pages"}],"about":[{"href":"https:\/\/www.solis-porec.com\/de\/wp-json\/wp\/v2\/types\/page"}],"author":[{"embeddable":true,"href":"https:\/\/www.solis-porec.com\/de\/wp-json\/wp\/v2\/users\/3"}],"replies":[{"embeddable":true,"href":"https:\/\/www.solis-porec.com\/de\/wp-json\/wp\/v2\/comments?post=5210"}],"version-history":[{"count":0,"href":"https:\/\/www.solis-porec.com\/de\/wp-json\/wp\/v2\/pages\/5210\/revisions"}],"wp:attachment":[{"href":"https:\/\/www.solis-porec.com\/de\/wp-json\/wp\/v2\/media?parent=5210"}],"curies":[{"name":"wp","href":"https:\/\/api.w.org\/{rel}","templated":true}]}}