{"id":5219,"date":"2026-02-12T10:19:05","date_gmt":"2026-02-12T10:19:05","guid":{"rendered":"https:\/\/www.solis-porec.com\/geschaftsbedingungen\/"},"modified":"2026-02-12T10:19:05","modified_gmt":"2026-02-12T10:19:05","slug":"geschaftsbedingungen","status":"publish","type":"page","link":"https:\/\/www.solis-porec.com\/de\/geschaftsbedingungen\/","title":{"rendered":"Gesch\u00e4ftsbedingungen"},"content":{"rendered":"<div id=\"politicas-contenido\"><div class=\"box\"><div id=\"contentCondiciones\">\r\n    <p>ALLGEMEINE GESCH\u00c4FTSBEDINGUNGEN<\/p>\r\n<p>BUCHUNGSSTORNIERUNG DURCH DEN KUNDEN<\/p>\r\n<p>Alle Stornierungs- oder \u00c4nderungsanfragen m\u00fcssen schriftlich, per E-Mail, Fax oder Post an uns gesendet werden und werden an dem Tag wirksam, an dem wir die Anfrage erhalten.<\/p>\r\n<p>Sie sind verpflichtet, die unten aufgef\u00fchrten Stornierungs- oder \u00c4nderungsgeb\u00fchren zu zahlen.<br \/>Zum Zeitpunkt der Buchung = nicht erstattbar 10% des Buchungspreises.<br \/>60 - 30 Tage vor Anreise = 50% des Buchungspreises.<br \/>Weniger als 30 Tage vor Anreise = 100% des Buchungspreises.<br \/>Es erfolgt keine R\u00fcckerstattung, wenn der Kunde freiwillig beschlie\u00dft, die im Urlaub enthaltenen Leistungen vor dem Ende seines Aufenthalts nicht mehr zu nutzen.<\/p>\r\n<p>\u00c4NDERUNGEN DURCH DAS UNTERNEHMEN<br \/>Falls die Unterkunft aus unvorhergesehenen, nicht vom Unternehmen zu vertretenden Gr\u00fcnden nicht bewohnt werden konnte, hat das Unternehmen das Recht, die urspr\u00fcngliche Unterkunft ohne zus\u00e4tzliche Zahlung durch eine andere mit den gleichen oder h\u00f6heren Eigenschaften zu ersetzen.<\/p>\r\n<p>DATENSCHUTZ (Organgesetz 15\/1999 vom 13. Dezember)<br \/>In \u00dcbereinstimmung mit dem Organic Law 15\/1999 vom 13. Dezember \u00fcber den Schutz personenbezogener Daten (\"LOPD\") teilen wir Ihnen mit, dass Ihre personenbezogenen Daten durch das Ausf\u00fcllen von Formularen entsprechend dem Zweck in die Unternehmensdateien aufgenommen und dort gespeichert werden in der Lage zu sein, Ihnen unsere Dienstleistungen anzubieten und anzubieten. Dar\u00fcber hinaus informieren wir Sie \u00fcber die M\u00f6glichkeit, das Recht auf Auskunft, Berichtigung, L\u00f6schung und Widerspruch in Bezug auf Ihre personenbezogenen Daten auszu\u00fcben, wobei das Unternehmen f\u00fcr die Datei verantwortlich ist.<\/p><\/div>\r\n<div id=\"proteccion_datos\"><\/div>\r\n<\/div><\/div>\n","protected":false},"excerpt":{"rendered":"","protected":false},"author":3,"featured_media":0,"parent":0,"menu_order":0,"comment_status":"closed","ping_status":"closed","template":"","meta":{"footnotes":""},"class_list":["post-5219","page","type-page","status-publish","hentry"],"yoast_head":"<!-- This site is optimized with the Yoast SEO plugin v27.4 - https:\/\/yoast.com\/product\/yoast-seo-wordpress\/ -->\n<title>Gesch\u00e4ftsbedingungen - Istria tourism information<\/title>\n<meta name=\"robots\" content=\"noindex, nofollow\" \/>\n<meta property=\"og:locale\" content=\"de_DE\" \/>\n<meta property=\"og:type\" content=\"article\" \/>\n<meta property=\"og:title\" content=\"Gesch\u00e4ftsbedingungen - Istria tourism information\" \/>\n<meta property=\"og:url\" content=\"https:\/\/www.solis-porec.com\/de\/geschaftsbedingungen\/\" \/>\n<meta property=\"og:site_name\" content=\"Istria tourism information\" \/>\n<meta name=\"twitter:card\" content=\"summary_large_image\" \/>\n<script type=\"application\/ld+json\" class=\"yoast-schema-graph\">{\"@context\":\"https:\\\/\\\/schema.org\",\"@graph\":[{\"@type\":\"WebPage\",\"@id\":\"https:\\\/\\\/www.solis-porec.com\\\/de\\\/geschaftsbedingungen\\\/\",\"url\":\"https:\\\/\\\/www.solis-porec.com\\\/de\\\/geschaftsbedingungen\\\/\",\"name\":\"Gesch\u00e4ftsbedingungen - Istria tourism information\",\"isPartOf\":{\"@id\":\"https:\\\/\\\/www.solis-porec.com\\\/#website\"},\"datePublished\":\"2026-02-12T10:19:05+00:00\",\"breadcrumb\":{\"@id\":\"https:\\\/\\\/www.solis-porec.com\\\/de\\\/geschaftsbedingungen\\\/#breadcrumb\"},\"inLanguage\":\"de\",\"potentialAction\":[{\"@type\":\"ReadAction\",\"target\":[\"https:\\\/\\\/www.solis-porec.com\\\/de\\\/geschaftsbedingungen\\\/\"]}]},{\"@type\":\"BreadcrumbList\",\"@id\":\"https:\\\/\\\/www.solis-porec.com\\\/de\\\/geschaftsbedingungen\\\/#breadcrumb\",\"itemListElement\":[{\"@type\":\"ListItem\",\"position\":1,\"name\":\"Home\",\"item\":\"https:\\\/\\\/www.solis-porec.com\\\/\"},{\"@type\":\"ListItem\",\"position\":2,\"name\":\"Gesch\u00e4ftsbedingungen\"}]},{\"@type\":\"WebSite\",\"@id\":\"https:\\\/\\\/www.solis-porec.com\\\/#website\",\"url\":\"https:\\\/\\\/www.solis-porec.com\\\/\",\"name\":\"Istria tourism information\",\"description\":\"Solis Porec\",\"potentialAction\":[{\"@type\":\"SearchAction\",\"target\":{\"@type\":\"EntryPoint\",\"urlTemplate\":\"https:\\\/\\\/www.solis-porec.com\\\/?s={search_term_string}\"},\"query-input\":{\"@type\":\"PropertyValueSpecification\",\"valueRequired\":true,\"valueName\":\"search_term_string\"}}],\"inLanguage\":\"de\"}]}<\/script>\n<!-- \/ Yoast SEO plugin. -->","yoast_head_json":{"title":"Gesch\u00e4ftsbedingungen - Istria tourism information","robots":{"index":"noindex","follow":"nofollow"},"og_locale":"de_DE","og_type":"article","og_title":"Gesch\u00e4ftsbedingungen - Istria tourism information","og_url":"https:\/\/www.solis-porec.com\/de\/geschaftsbedingungen\/","og_site_name":"Istria tourism information","twitter_card":"summary_large_image","schema":{"@context":"https:\/\/schema.org","@graph":[{"@type":"WebPage","@id":"https:\/\/www.solis-porec.com\/de\/geschaftsbedingungen\/","url":"https:\/\/www.solis-porec.com\/de\/geschaftsbedingungen\/","name":"Gesch\u00e4ftsbedingungen - Istria tourism information","isPartOf":{"@id":"https:\/\/www.solis-porec.com\/#website"},"datePublished":"2026-02-12T10:19:05+00:00","breadcrumb":{"@id":"https:\/\/www.solis-porec.com\/de\/geschaftsbedingungen\/#breadcrumb"},"inLanguage":"de","potentialAction":[{"@type":"ReadAction","target":["https:\/\/www.solis-porec.com\/de\/geschaftsbedingungen\/"]}]},{"@type":"BreadcrumbList","@id":"https:\/\/www.solis-porec.com\/de\/geschaftsbedingungen\/#breadcrumb","itemListElement":[{"@type":"ListItem","position":1,"name":"Home","item":"https:\/\/www.solis-porec.com\/"},{"@type":"ListItem","position":2,"name":"Gesch\u00e4ftsbedingungen"}]},{"@type":"WebSite","@id":"https:\/\/www.solis-porec.com\/#website","url":"https:\/\/www.solis-porec.com\/","name":"Istria tourism information","description":"Solis Porec","potentialAction":[{"@type":"SearchAction","target":{"@type":"EntryPoint","urlTemplate":"https:\/\/www.solis-porec.com\/?s={search_term_string}"},"query-input":{"@type":"PropertyValueSpecification","valueRequired":true,"valueName":"search_term_string"}}],"inLanguage":"de"}]}},"_links":{"self":[{"href":"https:\/\/www.solis-porec.com\/de\/wp-json\/wp\/v2\/pages\/5219","targetHints":{"allow":["GET"]}}],"collection":[{"href":"https:\/\/www.solis-porec.com\/de\/wp-json\/wp\/v2\/pages"}],"about":[{"href":"https:\/\/www.solis-porec.com\/de\/wp-json\/wp\/v2\/types\/page"}],"author":[{"embeddable":true,"href":"https:\/\/www.solis-porec.com\/de\/wp-json\/wp\/v2\/users\/3"}],"replies":[{"embeddable":true,"href":"https:\/\/www.solis-porec.com\/de\/wp-json\/wp\/v2\/comments?post=5219"}],"version-history":[{"count":0,"href":"https:\/\/www.solis-porec.com\/de\/wp-json\/wp\/v2\/pages\/5219\/revisions"}],"wp:attachment":[{"href":"https:\/\/www.solis-porec.com\/de\/wp-json\/wp\/v2\/media?parent=5219"}],"curies":[{"name":"wp","href":"https:\/\/api.w.org\/{rel}","templated":true}]}}