{"id":5211,"date":"2026-02-12T10:19:02","date_gmt":"2026-02-12T10:19:02","guid":{"rendered":"https:\/\/www.solis-porec.com\/politica-dei-cookies\/"},"modified":"2026-02-12T10:19:02","modified_gmt":"2026-02-12T10:19:02","slug":"politica-dei-cookies","status":"publish","type":"page","link":"https:\/\/www.solis-porec.com\/it\/politica-dei-cookies\/","title":{"rendered":"Politica dei Cookies"},"content":{"rendered":"<div id=\"politicas-contenido\"><div class=\"box\"><div id=\"contentPoliticaCookies\">\r\n<p>Informativa sulla privacy di www.solis-porec.com<br \/>Benvenuti all'informativa sulla privacy di www.solis-porec.com. Questa informativa vi aiuter\u00e0 a comprendere quali dati raccogliamo, perch\u00e9 li raccogliamo e quali sono i vostri diritti in relazione ad essi.<\/p>\r\n<p>Ultimo aggiornamento: 2 dicembre 2025<\/p>\r\n<p>Titolare e Responsabile del trattamento dei dati<br \/>Solis Porec d.o.o.<br \/>Cerova 6, Kukci<br \/>52446 Nova Vas, Croazia<br \/>Email di contatto del Titolare: info@solis-porec.com<\/p>\r\n<p>Tipologia di dati che raccogliamo<br \/>Il Titolare non fornisce una lista delle tipologie di Dati Personali raccolti.<\/p>\r\n<p>Dettagli completi su ciascuna tipologia di Dati Personali raccolti sono forniti nelle sezioni dedicate di questa informativa sulla privacy o mediante specifici testi informativi visualizzati prima della raccolta dei Dati stessi.<br \/>I Dati Personali possono essere liberamente forniti dall'Utente o, nel caso di Dati di Utilizzo, raccolti automaticamente durante l'uso di questa Applicazione.<br \/>Se non diversamente specificato, tutti i Dati richiesti da questa Applicazione sono obbligatori e il loro mancato conferimento potrebbe rendere impossibile per questa Applicazione fornire i propri servizi. Nei casi in cui questa Applicazione indichi specificamente alcuni Dati come facoltativi, gli Utenti sono liberi di astenersi dal comunicare tali Dati, senza che ci\u00f2 abbia alcuna conseguenza sulla disponibilit\u00e0 o sulla operativit\u00e0 del Servizio.<br \/>Gli Utenti che dovessero avere dubbi su quali Dati Personali siano obbligatori, sono invitati a contattare il Titolare.<br \/>L'eventuale utilizzo di Cookie - o di altri strumenti di tracciamento - da parte di questa Applicazione o dei titolari dei servizi terzi utilizzati da questa Applicazione, ove non diversamente precisato, ha la finalit\u00e0 di fornire il Servizio richiesto dall'Utente, oltre alle ulteriori finalit\u00e0 descritte nel presente documento e nella Cookie Policy.<\/p>\r\n<p>Gli Utenti sono responsabili dei Dati Personali di terzi ottenuti, pubblicati o condivisi tramite questa Applicazione.<\/p>\r\n<p>Modalit\u00e0 e luogo del trattamento dei Dati<br \/>Modalit\u00e0 di trattamento<br \/>Il Titolare adotta le opportune misure di sicurezza volte ad impedire l'accesso, la divulgazione, la modifica o la distruzione non autorizzate dei Dati Personali.<br \/>Il trattamento viene effettuato mediante strumenti informatici e\/o telematici, con modalit\u00e0 organizzative e con logiche strettamente correlate alle finalit\u00e0 indicate. Oltre al Titolare, in alcuni casi, potrebbero avere accesso ai Dati altri soggetti coinvolti nell'organizzazione di questa Applicazione (personale amministrativo, commerciale, marketing, legali, amministratori di sistema) ovvero soggetti esterni (come fornitori di servizi tecnici terzi, corrieri postali, hosting provider, societ\u00e0 informatiche, agenzie di comunicazione) nominati anche, se necessario, Responsabili del Trattamento da parte del Titolare. L'elenco aggiornato dei Responsabili potr\u00e0 sempre essere richiesto al Titolare.<\/p>\r\n<p>Luogo<br \/>I Dati sono trattati presso le sedi operative del Titolare ed in ogni altro luogo in cui le parti coinvolte nel trattamento siano localizzate.<\/p>\r\n<p>A seconda della posizione dell'Utente, i Dati Personali potrebbero essere trasferiti in un paese diverso da quello in cui l'Utente si trova. Per ottenere ulteriori informazioni sul luogo del trattamento, l'Utente pu\u00f2 fare riferimento alla sezione relativa ai dettagli sul trattamento dei Dati Personali.<\/p>\r\n<p>Tempo di conservazione<br \/>I Dati Personali saranno trattati e conservati per il tempo richiesto dalle finalit\u00e0 per le quali sono stati raccolti.<\/p>\r\n<p>Informativa sui Cookie<br \/>Questa Applicazione utilizza Strumenti di Tracciamento. Per saperne di pi\u00f9, l'Utente pu\u00f2 consultare l'Informativa sui Cookie.<\/p>\r\n<p>Ulteriori informazioni per gli utenti nell'Unione Europea<br \/>Base giuridica del trattamento<br \/>Il Titolare pu\u00f2 trattare Dati Personali relativi agli Utenti in caso sussista una delle seguenti condizioni:<\/p>\r\n<p>Gli Utenti hanno prestato il consenso per una o pi\u00f9 finalit\u00e0 specifiche.<br \/>il trattamento \u00e8 necessario all'esecuzione di un contratto con l'Utente e\/o all'esecuzione di misure precontrattuali;<br \/>il trattamento \u00e8 necessario per adempiere un obbligo legale al quale \u00e8 soggetto il Titolare;<br \/>il trattamento \u00e8 necessario per l'esecuzione di un compito di interesse pubblico o per l'esercizio di pubblici poteri di cui \u00e8 investito il Titolare;<br \/>il trattamento \u00e8 necessario per il perseguimento del legittimo interesse del Titolare o di terzi.<br \/>In ogni caso, il Titolare sar\u00e0 sempre disponibile a richiedere di chiarire la specifica base giuridica di ciascun trattamento ed in particolare di specificare se il trattamento sia basato sulla legge, previsto da un contratto o necessario per la conclusione di un contratto.<\/p>\r\n<p>Ulteriori informazioni sui tempi di conservazione<br \/>I Dati Personali saranno trattati e conservati per il tempo richiesto dalle finalit\u00e0 per le quali sono stati raccolti.<\/p>\r\n<p>Pertanto:<\/p>\r\n<p>I Dati Personali raccolti per scopi collegati all'esecuzione di un contratto tra il Titolare e l'Utente saranno trattenuti sino a quando sia completata l'esecuzione di tale contratto.<br \/>I Dati Personali raccolti per finalit\u00e0 riconducibili all'interesse legittimo del Titolare saranno trattenuti sino al soddisfacimento di tale interesse. L'Utente pu\u00f2 ottenere ulteriori informazioni in merito all'interesse legittimo perseguito dal Titolare nelle relative sezioni di questo documento o contattando il Titolare.<\/p>\r\n<p>Quando l'Utente ha prestato il consenso a tale trattamento, il Titolare pu\u00f2 conservare i Dati Personali pi\u00f9 a lungo sino a quando detto consenso non venga revocato.<\/p><\/div><\/div><\/div>\n","protected":false},"excerpt":{"rendered":"","protected":false},"author":3,"featured_media":0,"parent":0,"menu_order":0,"comment_status":"closed","ping_status":"closed","template":"","meta":{"footnotes":""},"class_list":["post-5211","page","type-page","status-publish","hentry"],"yoast_head":"<!-- This site is optimized with the Yoast SEO plugin v27.4 - https:\/\/yoast.com\/product\/yoast-seo-wordpress\/ -->\n<title>Politica dei Cookies - Istria tourism information<\/title>\n<meta name=\"robots\" content=\"noindex, nofollow\" \/>\n<meta property=\"og:locale\" content=\"it_IT\" \/>\n<meta property=\"og:type\" content=\"article\" \/>\n<meta property=\"og:title\" content=\"Politica dei Cookies - Istria tourism information\" \/>\n<meta property=\"og:url\" content=\"https:\/\/www.solis-porec.com\/it\/politica-dei-cookies\/\" \/>\n<meta property=\"og:site_name\" content=\"Istria tourism information\" \/>\n<meta name=\"twitter:card\" content=\"summary_large_image\" \/>\n<script type=\"application\/ld+json\" class=\"yoast-schema-graph\">{\"@context\":\"https:\\\/\\\/schema.org\",\"@graph\":[{\"@type\":\"WebPage\",\"@id\":\"https:\\\/\\\/www.solis-porec.com\\\/it\\\/politica-dei-cookies\\\/\",\"url\":\"https:\\\/\\\/www.solis-porec.com\\\/it\\\/politica-dei-cookies\\\/\",\"name\":\"Politica dei Cookies - Istria tourism information\",\"isPartOf\":{\"@id\":\"https:\\\/\\\/www.solis-porec.com\\\/#website\"},\"datePublished\":\"2026-02-12T10:19:02+00:00\",\"breadcrumb\":{\"@id\":\"https:\\\/\\\/www.solis-porec.com\\\/it\\\/politica-dei-cookies\\\/#breadcrumb\"},\"inLanguage\":\"it-IT\",\"potentialAction\":[{\"@type\":\"ReadAction\",\"target\":[\"https:\\\/\\\/www.solis-porec.com\\\/it\\\/politica-dei-cookies\\\/\"]}]},{\"@type\":\"BreadcrumbList\",\"@id\":\"https:\\\/\\\/www.solis-porec.com\\\/it\\\/politica-dei-cookies\\\/#breadcrumb\",\"itemListElement\":[{\"@type\":\"ListItem\",\"position\":1,\"name\":\"Home\",\"item\":\"https:\\\/\\\/www.solis-porec.com\\\/\"},{\"@type\":\"ListItem\",\"position\":2,\"name\":\"Politica dei Cookies\"}]},{\"@type\":\"WebSite\",\"@id\":\"https:\\\/\\\/www.solis-porec.com\\\/#website\",\"url\":\"https:\\\/\\\/www.solis-porec.com\\\/\",\"name\":\"Istria tourism information\",\"description\":\"Solis Porec\",\"potentialAction\":[{\"@type\":\"SearchAction\",\"target\":{\"@type\":\"EntryPoint\",\"urlTemplate\":\"https:\\\/\\\/www.solis-porec.com\\\/?s={search_term_string}\"},\"query-input\":{\"@type\":\"PropertyValueSpecification\",\"valueRequired\":true,\"valueName\":\"search_term_string\"}}],\"inLanguage\":\"it-IT\"}]}<\/script>\n<!-- \/ Yoast SEO plugin. -->","yoast_head_json":{"title":"Politica dei Cookies - Istria tourism information","robots":{"index":"noindex","follow":"nofollow"},"og_locale":"it_IT","og_type":"article","og_title":"Politica dei Cookies - Istria tourism information","og_url":"https:\/\/www.solis-porec.com\/it\/politica-dei-cookies\/","og_site_name":"Istria tourism information","twitter_card":"summary_large_image","schema":{"@context":"https:\/\/schema.org","@graph":[{"@type":"WebPage","@id":"https:\/\/www.solis-porec.com\/it\/politica-dei-cookies\/","url":"https:\/\/www.solis-porec.com\/it\/politica-dei-cookies\/","name":"Politica dei Cookies - Istria tourism information","isPartOf":{"@id":"https:\/\/www.solis-porec.com\/#website"},"datePublished":"2026-02-12T10:19:02+00:00","breadcrumb":{"@id":"https:\/\/www.solis-porec.com\/it\/politica-dei-cookies\/#breadcrumb"},"inLanguage":"it-IT","potentialAction":[{"@type":"ReadAction","target":["https:\/\/www.solis-porec.com\/it\/politica-dei-cookies\/"]}]},{"@type":"BreadcrumbList","@id":"https:\/\/www.solis-porec.com\/it\/politica-dei-cookies\/#breadcrumb","itemListElement":[{"@type":"ListItem","position":1,"name":"Home","item":"https:\/\/www.solis-porec.com\/"},{"@type":"ListItem","position":2,"name":"Politica dei Cookies"}]},{"@type":"WebSite","@id":"https:\/\/www.solis-porec.com\/#website","url":"https:\/\/www.solis-porec.com\/","name":"Istria tourism information","description":"Solis Porec","potentialAction":[{"@type":"SearchAction","target":{"@type":"EntryPoint","urlTemplate":"https:\/\/www.solis-porec.com\/?s={search_term_string}"},"query-input":{"@type":"PropertyValueSpecification","valueRequired":true,"valueName":"search_term_string"}}],"inLanguage":"it-IT"}]}},"_links":{"self":[{"href":"https:\/\/www.solis-porec.com\/it\/wp-json\/wp\/v2\/pages\/5211","targetHints":{"allow":["GET"]}}],"collection":[{"href":"https:\/\/www.solis-porec.com\/it\/wp-json\/wp\/v2\/pages"}],"about":[{"href":"https:\/\/www.solis-porec.com\/it\/wp-json\/wp\/v2\/types\/page"}],"author":[{"embeddable":true,"href":"https:\/\/www.solis-porec.com\/it\/wp-json\/wp\/v2\/users\/3"}],"replies":[{"embeddable":true,"href":"https:\/\/www.solis-porec.com\/it\/wp-json\/wp\/v2\/comments?post=5211"}],"version-history":[{"count":0,"href":"https:\/\/www.solis-porec.com\/it\/wp-json\/wp\/v2\/pages\/5211\/revisions"}],"wp:attachment":[{"href":"https:\/\/www.solis-porec.com\/it\/wp-json\/wp\/v2\/media?parent=5211"}],"curies":[{"name":"wp","href":"https:\/\/api.w.org\/{rel}","templated":true}]}}